{"id":1356,"date":"2022-04-07T15:06:46","date_gmt":"2022-04-07T13:06:46","guid":{"rendered":"https:\/\/www.urbanmoveacademy.ch\/?page_id=1356"},"modified":"2024-11-18T11:39:13","modified_gmt":"2024-11-18T10:39:13","slug":"press","status":"publish","type":"page","link":"https:\/\/www.urbanmoveacademy.ch\/en\/press\/","title":{"rendered":"Press"},"content":{"rendered":"\n<h2 class=\"wp-block-heading\">Press contact<\/h2>\n\n\n\n<p>Cabinet Priv\u00e9 de Conseils<br>Tel. +41 (0)22&nbsp;552 46 46<br><a href=\"mailto:uma@cpc-pr.com\">uma@cpc-pr.com<\/a>&nbsp;<\/p>\n\n\n\n<hr class=\"wp-block-separator has-css-opacity\"\/>\n\n\n\n<h2 class=\"wp-block-heading\">Press Kit<\/h2>\n\n\n\n<p><a href=\"https:\/\/www.urbanmoveacademy.ch\/wp-content\/uploads\/2022\/04\/UMA-PRESS-KIT.pdf\" target=\"_blank\" rel=\"noreferrer noopener\">Download pdf<\/a><\/p>\n\n\n\n<hr class=\"wp-block-separator has-css-opacity\"\/>\n\n\n\n<h2 class=\"wp-block-heading\">Press releases<\/h2>\n\n\n\n<p class=\"mb-0\">28.03.2022 Urban Move Academy&nbsp;(UMA): A unique academy for urban arts and sports is launching in September 2022 in Meyrin<\/p>\n\n\n\n<p><a href=\"https:\/\/www.urbanmoveacademy.ch\/wp-content\/uploads\/2022\/04\/Press-Release-UMA_28.03.2022.pdf\" target=\"_blank\" rel=\"noreferrer noopener\">Download pdf<\/a><\/p>\n\n\n\n<hr class=\"wp-block-separator has-css-opacity\"\/>\n\n\n\n<h2 class=\"wp-block-heading\">Press review<\/h2>\n\n\n\n<h2 class=\"wp-block-heading\">Revue de presse<\/h2>\n\n\n\n<p>30.09.2024, \u00abUne nouvelle \u00e9cole pour apprendre les arts urbains \u00e0 Gen\u00e8ve\u00bb,<br>RTS<br><a href=\"https:\/\/www.rts.ch\/play\/tv\/19h30\/video\/une-nouvelle-ecole-pour-apprendre-les-arts-urbains-a-geneve?urn=urn:rts:video:15194964\" target=\"_blank\" rel=\"noreferrer noopener\">Watch online<\/a><\/p>\n\n\n\n<p>25.09.2024, \u00ab<strong>Une des plus grandes \u00e9coles d\u2019art urbain de Suisse ouvre \u00e0 Vernier<\/strong>\u00bb, Tribune de Gen\u00e8ve<br><a href=\"https:\/\/www.tdg.ch\/geneve-une-grande-ecole-des-arts-urbains-ouvre-a-vernier-990720411964\" target=\"_blank\" rel=\"noreferrer noopener\">Read online<\/a><\/p>\n\n\n\n<p>25.09.2024, \u00abL&#8217;Urban Move Academy inaugure son nouvel \u00e9crin\u00bb, <br>L\u00e9man bleu<br><a href=\"https:\/\/www.lemanbleu.ch\/fr\/Actualites\/Geneve\/L-Urban-Move-Academy-inaugure-son-nouvel-ecrin.html\" target=\"_blank\" rel=\"noreferrer noopener\">Read online<\/a><\/p>\n\n\n\n<p>25.09.2024, \u00abUne acad\u00e9mie pour les arts et sports urbains \u00e0 Gen\u00e8ve\u00bb, Radio lac<br><a href=\"https:\/\/www.radiolac.ch\/culture\/une-academie-pour-les-arts-et-sports-urbains-a-geneve\/\" target=\"_blank\" rel=\"noreferrer noopener\">Listen online<\/a><\/p>\n\n\n\n<p>14.06.2024, \u00abUMA Quai Gustave Ador\u00bb, 20minutes<br><a href=\"https:\/\/www.20min.ch\/fr\/story\/ville-de-geneve-les-sports-urbains-sinvitent-au-bord-du-lac-103126745\" target=\"_blank\" rel=\"noreferrer noopener\">Read online<\/a><\/p>\n\n\n\n<p>13.06.2024, \u00abUMA Quai Gustave Ador\u00bb, L\u00e9man bleu<br><a href=\"https:\/\/www.lemanbleu.ch\/fr\/Actualites\/Geneve\/Les-sports-urbains-en-demonstration-ce-week-end-au-bord-du-lac.html\" target=\"_blank\" rel=\"noreferrer noopener\">Read online<\/a><\/p>\n\n\n\n<p>13.06.2024, \u00abUMA Quai Gustave Ador\u00bb, Le messager<br><a href=\"https:\/\/www.lemessager.fr\/649318625\/article\/2024-06-13\/geneve-ce-week-end-le-quai-gustave-ador-se-transforme-en-espace-de-demonstration\" target=\"_blank\" rel=\"noreferrer noopener\">Read online<\/a><\/p>\n\n\n\n<p>05.02.2024, \u00abAntigel \u00c9tincelle\u00bb, Tribune de Gen\u00e8ve<br><a href=\"https:\/\/www.tdg.ch\/violence-des-jeunes-le-theme-qui-enflamme-antigel-508227083878\" target=\"_blank\" rel=\"noreferrer noopener\">Read online<\/a><\/p>\n\n\n\n<p>05.02.2024, \u00abAntigel \u00c9tincelle\u00bb, Le temps<br><a href=\"https:\/\/www.letemps.ch\/culture\/a-antigel-des-balades-sonores-sondent-la-violence-chez-les-jeunes?srsltid=AfmBOooKCrNoZHElXqdjOA58uR57WdEypbPbtBhPG3ZJeOhXsbmNxpZr\" target=\"_blank\" rel=\"noreferrer noopener\">Read online<\/a><\/p>\n\n\n\n<p>23.10.2023, \u00abInterview &#8211; Franchir les barri\u00e8res sociales et artistiques, avec Nicolas Musin\u00bb, Radio Bascule<br><a href=\"https:\/\/radiobascule.ch\/midi-bascule\/s3e06-interview-franchir-les-barrieres-sociales-et-artistiques-avec-nicolas-musin\/774\" target=\"_blank\" rel=\"noreferrer noopener\">Listen online<\/a><\/p>\n\n\n\n<p>15-16.4.2023, \u00ab&#8221;This Must Be The Place&#8221; un show \u00e0 ne pas manquer\u00bb, 24 heures<br><a href=\"https:\/\/www.urbanmoveacademy.ch\/wp-content\/uploads\/2023\/05\/24H_15-16_4_23.pdf\">Download pdf<\/a><\/p>\n\n\n\n<p>15.12.2022, \u00abLe skate et le Gr\u00fctli: une histoire mouvement\u00e9e\u00bb, Radio Vostok<br><a href=\"https:\/\/radiovostok.ch\/le-skate-a-lhonneur-aux-cinemas-du-grutli\/\">Listen online<\/a><\/p>\n\n\n\n<p>15.12.2022, \u00ab Un skatepark \u00e9ph\u00e9m\u00e8re s\u2019est pos\u00e9 sur le plateau d\u2019Am Stram Gram \u00bb, Tribune de Gen\u00e8ve<br><a href=\"https:\/\/www.tdg.ch\/un-skatepark-ephemere-sest-pose-sur-le-plateau-dam-stram-gram-304857604962\">Read online<\/a><\/p>\n\n\n\n<p>15.12.2022, \u00abLe Skate sur les planches\u00bb, Le Courrier<br><a href=\"https:\/\/lecourrier.ch\/2022\/12\/15\/le-skate-sur-les-planches\/\">Read online<\/a><\/p>\n\n\n\n<p>15.12.2022, \u00ab&#8221;Ollie&#8221;, la po\u00e9tique du skate faite spectacle\u00bb, RTS<br><a href=\"https:\/\/www.rts.ch\/info\/culture\/spectacles\/13624080-ollie-la-poetique-du-skate-faite-spectacle.html\">Read online<\/a><\/p>\n\n\n\n<p>14.12.2022, \u00ab L\u2019Urban Move Academy pr\u00e9sente son spectacle &#8220;Ollie&#8221;&nbsp;\u00bb, Ici la Suisse, RTS<br><a href=\"https:\/\/www.rts.ch\/audio-podcast\/2022\/audio\/ici-la-suisse-l-urban-move-academy-presente-son-spectacle-ollie-25885810.html\">Listen online<\/a><\/p>\n\n\n\n<p>01.12.2022, \u00abOllie, la derni\u00e8re folie de Nicolas Musin\u00bb, GO OUT Magazine,<br><a href=\"https:\/\/gooutmag.ch\/ollie-la-derniere-folie-de-nicolas-musin\/\">Read online<\/a><\/p>\n\n\n\n<p>24.11.2022, \u00abNous assistons \u00e0 l\u2019urgence d\u2019une jeunesse d\u2019exister\u00bb, Bilan Magazine<br><a href=\"https:\/\/www.bilan.ch\/story\/nous-assistons-a-lurgence-dune-jeunesse-dexister-825869551336\">Read online<\/a><\/p>\n\n\n\n<p>10.11.2022, \u00ab Connaissez-vous la Urban Move Academy? \u00bb, Vertigo, RTS<br><a href=\"https:\/\/www.rts.ch\/audio-podcast\/2022\/audio\/connaissez-vous-la-urban-move-academy-25873949.html\">Listen online<\/a><\/p>\n\n\n\n<p>01.10.2022, \u00abUne \u00e9cole qui m\u00eale skate, danse et parkour, c\u2019est unique au monde\u00bb, 20minutes.ch<br><a href=\"https:\/\/www.20min.ch\/fr\/video\/une-ecole-qui-mele-skate-danse-et-parkour-cest-unique-au-monde-333627094240\">Watch online<\/a><\/p>\n\n\n\n<p>02.09.2022, \u00ab Parkour, skate et danse urbaine enseign\u00e9s dans une nouvelle \u00e9cole \u00bb, Couleurs locales, RTS<br><a href=\"https:\/\/www.rts.ch\/play\/tv\/redirect\/detail\/13353498\">Watch online<\/a><\/p>\n\n\n\n<p>21.07.22, \u00ab \u00c0 l\u2019\u00e9cole et que \u00e7a saute \u00bb,&nbsp;<strong>Courrier international \u2014&nbsp;<\/strong>no&nbsp;1655&nbsp;<br><a href=\"https:\/\/www.urbanmoveacademy.ch\/wp-content\/uploads\/2022\/07\/Courrier-International_Ete-2022_-24-25.pdf\" target=\"_blank\" rel=\"noreferrer noopener\">Download pdf<\/a><\/p>\n\n\n\n<p class=\"mb-0\">29.03.2022, Journal de 6h30 (go to 6 mins 49), RTS<\/p>\n\n\n\n<p><a href=\"https:\/\/www.rts.ch\/audio-podcast\/2022\/audio\/le-journal-de-6h30-presente-par-adrien-krause-25811873.html\" target=\"_blank\" rel=\"noreferrer noopener nofollow\">Listen online<\/a><\/p>\n\n\n\n<p class=\"mb-0\">29.03.2022, \u00ab L\u2019Urban Move Academy, du parkour \u00e0 l\u2019\u00e9cole&nbsp;\u00bb, Le Temps<\/p>\n\n\n\n<p><a href=\"https:\/\/www.rts.ch\/audio-podcast\/2022\/audio\/le-journal-de-6h30-presente-par-adrien-krause-25811873.html\" target=\"_blank\" rel=\"noreferrer noopener nofollow\"><\/a><a href=\"https:\/\/www.urbanmoveacademy.ch\/wp-content\/uploads\/2022\/04\/Le-Temps_29.03.2022.pdf\" target=\"_blank\" rel=\"noreferrer noopener\">Download pdf<\/a><\/p>\n\n\n\n<p class=\"mb-0\">28.03.2022, \u00ab&nbsp;La culture urbaine aura son \u00e9cole&nbsp;\u00bb, L\u00e9man Bleu, Le Journal<\/p>\n\n\n\n<p><a href=\"https:\/\/www.lemanbleu.ch\/fr\/Emissions\/93004-Le-Journal.html\" target=\"_blank\" rel=\"noreferrer noopener nofollow\">Read online<\/a><\/p>\n\n\n\n<p class=\"mb-0\">28.03.2022, \u00ab&nbsp;Une \u00e9cole formera riders et danseurs hip-hop \u00e0 la sc\u00e8ne&nbsp;\u00bb, 20minutes.ch<\/p>\n\n\n\n<p><a href=\"https:\/\/www.20min.ch\/fr\/story\/une-ecole-formera-riders-et-danseurs-hip-hop-a-la-scene-315964672884\" target=\"_blank\" rel=\"noreferrer noopener nofollow\">Read online<\/a><\/p>\n","protected":false},"excerpt":{"rendered":"<p>Press contact Cabinet Priv\u00e9 de ConseilsTel. +41 (0)22&nbsp;552 46 46uma@cpc-pr.com&nbsp; Press Kit Download pdf Press releases 28.03.2022 Urban Move Academy&nbsp;(UMA): A unique academy for urban arts and sports is launching in September 2022 in Meyrin Download pdf Press review Revue de presse 30.09.2024, \u00abUne nouvelle \u00e9cole pour apprendre les arts urbains \u00e0 Gen\u00e8ve\u00bb,RTSWatch online 25.09.2024, [&hellip;]<\/p>\n","protected":false},"author":1,"featured_media":0,"parent":0,"menu_order":990,"comment_status":"closed","ping_status":"closed","template":"","meta":{"_acf_changed":false,"footnotes":""},"class_list":["post-1356","page","type-page","status-publish","hentry"],"acf":[],"yoast_head":"<!-- This site is optimized with the Yoast SEO plugin v27.3 - https:\/\/yoast.com\/product\/yoast-seo-wordpress\/ -->\n<title>Press - Urban Move Academy - Gen\u00e8ve, Suisse<\/title>\n<meta name=\"description\" content=\"Press contact Cabinet Priv\u00e9 de ConseilsTel. +41 (0)22&nbsp;552 46 46uma@cpc-pr.com&nbsp; Press Kit Download pdf Press releases 28.03.2022 Urban Move\" \/>\n<meta name=\"robots\" content=\"index, follow, max-snippet:-1, max-image-preview:large, max-video-preview:-1\" \/>\n<link rel=\"canonical\" href=\"https:\/\/www.urbanmoveacademy.ch\/en\/press\/\" \/>\n<meta property=\"og:locale\" content=\"en_US\" \/>\n<meta property=\"og:type\" content=\"article\" \/>\n<meta property=\"og:title\" content=\"Press - Urban Move Academy - Gen\u00e8ve, Suisse\" \/>\n<meta property=\"og:description\" content=\"Press contact Cabinet Priv\u00e9 de ConseilsTel. +41 (0)22&nbsp;552 46 46uma@cpc-pr.com&nbsp; Press Kit Download pdf Press releases 28.03.2022 Urban Move\" \/>\n<meta property=\"og:url\" content=\"https:\/\/www.urbanmoveacademy.ch\/en\/press\/\" \/>\n<meta property=\"og:site_name\" content=\"Urban Move Academy - Gen\u00e8ve, Suisse\" \/>\n<meta property=\"article:modified_time\" content=\"2024-11-18T10:39:13+00:00\" \/>\n<meta name=\"twitter:card\" content=\"summary_large_image\" \/>\n<meta name=\"twitter:label1\" content=\"Est. reading time\" \/>\n\t<meta name=\"twitter:data1\" content=\"1 minute\" \/>\n<script type=\"application\/ld+json\" class=\"yoast-schema-graph\">{\"@context\":\"https:\\\/\\\/schema.org\",\"@graph\":[{\"@type\":\"WebPage\",\"@id\":\"https:\\\/\\\/www.urbanmoveacademy.ch\\\/en\\\/press\\\/\",\"url\":\"https:\\\/\\\/www.urbanmoveacademy.ch\\\/en\\\/press\\\/\",\"name\":\"Press - Urban Move Academy - Gen\u00e8ve, Suisse\",\"isPartOf\":{\"@id\":\"https:\\\/\\\/www.urbanmoveacademy.ch\\\/en\\\/#website\"},\"datePublished\":\"2022-04-07T13:06:46+00:00\",\"dateModified\":\"2024-11-18T10:39:13+00:00\",\"description\":\"Press contact Cabinet Priv\u00e9 de ConseilsTel. +41 (0)22&nbsp;552 46 46uma@cpc-pr.com&nbsp; Press Kit Download pdf Press releases 28.03.2022 Urban Move\",\"breadcrumb\":{\"@id\":\"https:\\\/\\\/www.urbanmoveacademy.ch\\\/en\\\/press\\\/#breadcrumb\"},\"inLanguage\":\"en-US\",\"potentialAction\":[{\"@type\":\"ReadAction\",\"target\":[\"https:\\\/\\\/www.urbanmoveacademy.ch\\\/en\\\/press\\\/\"]}]},{\"@type\":\"BreadcrumbList\",\"@id\":\"https:\\\/\\\/www.urbanmoveacademy.ch\\\/en\\\/press\\\/#breadcrumb\",\"itemListElement\":[{\"@type\":\"ListItem\",\"position\":1,\"name\":\"Accueil\",\"item\":\"https:\\\/\\\/www.urbanmoveacademy.ch\\\/en\\\/\"},{\"@type\":\"ListItem\",\"position\":2,\"name\":\"Press\"}]},{\"@type\":\"WebSite\",\"@id\":\"https:\\\/\\\/www.urbanmoveacademy.ch\\\/en\\\/#website\",\"url\":\"https:\\\/\\\/www.urbanmoveacademy.ch\\\/en\\\/\",\"name\":\"Urban Move Academy - Gen\u00e8ve, Suisse\",\"description\":\"\",\"publisher\":{\"@id\":\"https:\\\/\\\/www.urbanmoveacademy.ch\\\/en\\\/#organization\"},\"potentialAction\":[{\"@type\":\"SearchAction\",\"target\":{\"@type\":\"EntryPoint\",\"urlTemplate\":\"https:\\\/\\\/www.urbanmoveacademy.ch\\\/en\\\/?s={search_term_string}\"},\"query-input\":{\"@type\":\"PropertyValueSpecification\",\"valueRequired\":true,\"valueName\":\"search_term_string\"}}],\"inLanguage\":\"en-US\"},{\"@type\":\"Organization\",\"@id\":\"https:\\\/\\\/www.urbanmoveacademy.ch\\\/en\\\/#organization\",\"name\":\"Urban Move Academy\",\"url\":\"https:\\\/\\\/www.urbanmoveacademy.ch\\\/en\\\/\",\"logo\":{\"@type\":\"ImageObject\",\"inLanguage\":\"en-US\",\"@id\":\"https:\\\/\\\/www.urbanmoveacademy.ch\\\/en\\\/#\\\/schema\\\/logo\\\/image\\\/\",\"url\":\"https:\\\/\\\/www.urbanmoveacademy.ch\\\/wp-content\\\/uploads\\\/2022\\\/03\\\/UMA_Logo-1.png\",\"contentUrl\":\"https:\\\/\\\/www.urbanmoveacademy.ch\\\/wp-content\\\/uploads\\\/2022\\\/03\\\/UMA_Logo-1.png\",\"width\":1890,\"height\":945,\"caption\":\"Urban Move Academy\"},\"image\":{\"@id\":\"https:\\\/\\\/www.urbanmoveacademy.ch\\\/en\\\/#\\\/schema\\\/logo\\\/image\\\/\"}}]}<\/script>\n<!-- \/ Yoast SEO plugin. -->","yoast_head_json":{"title":"Press - Urban Move Academy - Gen\u00e8ve, Suisse","description":"Press contact Cabinet Priv\u00e9 de ConseilsTel. +41 (0)22&nbsp;552 46 46uma@cpc-pr.com&nbsp; Press Kit Download pdf Press releases 28.03.2022 Urban Move","robots":{"index":"index","follow":"follow","max-snippet":"max-snippet:-1","max-image-preview":"max-image-preview:large","max-video-preview":"max-video-preview:-1"},"canonical":"https:\/\/www.urbanmoveacademy.ch\/en\/press\/","og_locale":"en_US","og_type":"article","og_title":"Press - Urban Move Academy - Gen\u00e8ve, Suisse","og_description":"Press contact Cabinet Priv\u00e9 de ConseilsTel. +41 (0)22&nbsp;552 46 46uma@cpc-pr.com&nbsp; Press Kit Download pdf Press releases 28.03.2022 Urban Move","og_url":"https:\/\/www.urbanmoveacademy.ch\/en\/press\/","og_site_name":"Urban Move Academy - Gen\u00e8ve, Suisse","article_modified_time":"2024-11-18T10:39:13+00:00","twitter_card":"summary_large_image","twitter_misc":{"Est. reading time":"1 minute"},"schema":{"@context":"https:\/\/schema.org","@graph":[{"@type":"WebPage","@id":"https:\/\/www.urbanmoveacademy.ch\/en\/press\/","url":"https:\/\/www.urbanmoveacademy.ch\/en\/press\/","name":"Press - Urban Move Academy - Gen\u00e8ve, Suisse","isPartOf":{"@id":"https:\/\/www.urbanmoveacademy.ch\/en\/#website"},"datePublished":"2022-04-07T13:06:46+00:00","dateModified":"2024-11-18T10:39:13+00:00","description":"Press contact Cabinet Priv\u00e9 de ConseilsTel. +41 (0)22&nbsp;552 46 46uma@cpc-pr.com&nbsp; Press Kit Download pdf Press releases 28.03.2022 Urban Move","breadcrumb":{"@id":"https:\/\/www.urbanmoveacademy.ch\/en\/press\/#breadcrumb"},"inLanguage":"en-US","potentialAction":[{"@type":"ReadAction","target":["https:\/\/www.urbanmoveacademy.ch\/en\/press\/"]}]},{"@type":"BreadcrumbList","@id":"https:\/\/www.urbanmoveacademy.ch\/en\/press\/#breadcrumb","itemListElement":[{"@type":"ListItem","position":1,"name":"Accueil","item":"https:\/\/www.urbanmoveacademy.ch\/en\/"},{"@type":"ListItem","position":2,"name":"Press"}]},{"@type":"WebSite","@id":"https:\/\/www.urbanmoveacademy.ch\/en\/#website","url":"https:\/\/www.urbanmoveacademy.ch\/en\/","name":"Urban Move Academy - Gen\u00e8ve, Suisse","description":"","publisher":{"@id":"https:\/\/www.urbanmoveacademy.ch\/en\/#organization"},"potentialAction":[{"@type":"SearchAction","target":{"@type":"EntryPoint","urlTemplate":"https:\/\/www.urbanmoveacademy.ch\/en\/?s={search_term_string}"},"query-input":{"@type":"PropertyValueSpecification","valueRequired":true,"valueName":"search_term_string"}}],"inLanguage":"en-US"},{"@type":"Organization","@id":"https:\/\/www.urbanmoveacademy.ch\/en\/#organization","name":"Urban Move Academy","url":"https:\/\/www.urbanmoveacademy.ch\/en\/","logo":{"@type":"ImageObject","inLanguage":"en-US","@id":"https:\/\/www.urbanmoveacademy.ch\/en\/#\/schema\/logo\/image\/","url":"https:\/\/www.urbanmoveacademy.ch\/wp-content\/uploads\/2022\/03\/UMA_Logo-1.png","contentUrl":"https:\/\/www.urbanmoveacademy.ch\/wp-content\/uploads\/2022\/03\/UMA_Logo-1.png","width":1890,"height":945,"caption":"Urban Move Academy"},"image":{"@id":"https:\/\/www.urbanmoveacademy.ch\/en\/#\/schema\/logo\/image\/"}}]}},"_links":{"self":[{"href":"https:\/\/www.urbanmoveacademy.ch\/en\/wp-json\/wp\/v2\/pages\/1356","targetHints":{"allow":["GET"]}}],"collection":[{"href":"https:\/\/www.urbanmoveacademy.ch\/en\/wp-json\/wp\/v2\/pages"}],"about":[{"href":"https:\/\/www.urbanmoveacademy.ch\/en\/wp-json\/wp\/v2\/types\/page"}],"author":[{"embeddable":true,"href":"https:\/\/www.urbanmoveacademy.ch\/en\/wp-json\/wp\/v2\/users\/1"}],"replies":[{"embeddable":true,"href":"https:\/\/www.urbanmoveacademy.ch\/en\/wp-json\/wp\/v2\/comments?post=1356"}],"version-history":[{"count":9,"href":"https:\/\/www.urbanmoveacademy.ch\/en\/wp-json\/wp\/v2\/pages\/1356\/revisions"}],"predecessor-version":[{"id":4869,"href":"https:\/\/www.urbanmoveacademy.ch\/en\/wp-json\/wp\/v2\/pages\/1356\/revisions\/4869"}],"wp:attachment":[{"href":"https:\/\/www.urbanmoveacademy.ch\/en\/wp-json\/wp\/v2\/media?parent=1356"}],"curies":[{"name":"wp","href":"https:\/\/api.w.org\/{rel}","templated":true}]}}